{"id":21704,"date":"2025-05-02T19:11:51","date_gmt":"2025-05-02T22:11:51","guid":{"rendered":"https:\/\/italcam.com.br\/notizie\/"},"modified":"2025-07-22T10:59:57","modified_gmt":"2025-07-22T13:59:57","slug":"notizie","status":"publish","type":"page","link":"https:\/\/italcam.com.br\/it\/notizie\/","title":{"rendered":"Notizie"},"content":{"rendered":"\t\t<div data-elementor-type=\"wp-post\" data-elementor-id=\"21704\" class=\"elementor elementor-21704 elementor-1460\" data-elementor-settings=\"{&quot;element_pack_global_tooltip_width&quot;:{&quot;unit&quot;:&quot;px&quot;,&quot;size&quot;:&quot;&quot;,&quot;sizes&quot;:[]},&quot;element_pack_global_tooltip_width_tablet&quot;:{&quot;unit&quot;:&quot;px&quot;,&quot;size&quot;:&quot;&quot;,&quot;sizes&quot;:[]},&quot;element_pack_global_tooltip_width_mobile&quot;:{&quot;unit&quot;:&quot;px&quot;,&quot;size&quot;:&quot;&quot;,&quot;sizes&quot;:[]},&quot;element_pack_global_tooltip_padding&quot;:{&quot;unit&quot;:&quot;px&quot;,&quot;top&quot;:&quot;&quot;,&quot;right&quot;:&quot;&quot;,&quot;bottom&quot;:&quot;&quot;,&quot;left&quot;:&quot;&quot;,&quot;isLinked&quot;:true},&quot;element_pack_global_tooltip_padding_tablet&quot;:{&quot;unit&quot;:&quot;px&quot;,&quot;top&quot;:&quot;&quot;,&quot;right&quot;:&quot;&quot;,&quot;bottom&quot;:&quot;&quot;,&quot;left&quot;:&quot;&quot;,&quot;isLinked&quot;:true},&quot;element_pack_global_tooltip_padding_mobile&quot;:{&quot;unit&quot;:&quot;px&quot;,&quot;top&quot;:&quot;&quot;,&quot;right&quot;:&quot;&quot;,&quot;bottom&quot;:&quot;&quot;,&quot;left&quot;:&quot;&quot;,&quot;isLinked&quot;:true},&quot;element_pack_global_tooltip_border_radius&quot;:{&quot;unit&quot;:&quot;px&quot;,&quot;top&quot;:&quot;&quot;,&quot;right&quot;:&quot;&quot;,&quot;bottom&quot;:&quot;&quot;,&quot;left&quot;:&quot;&quot;,&quot;isLinked&quot;:true},&quot;element_pack_global_tooltip_border_radius_tablet&quot;:{&quot;unit&quot;:&quot;px&quot;,&quot;top&quot;:&quot;&quot;,&quot;right&quot;:&quot;&quot;,&quot;bottom&quot;:&quot;&quot;,&quot;left&quot;:&quot;&quot;,&quot;isLinked&quot;:true},&quot;element_pack_global_tooltip_border_radius_mobile&quot;:{&quot;unit&quot;:&quot;px&quot;,&quot;top&quot;:&quot;&quot;,&quot;right&quot;:&quot;&quot;,&quot;bottom&quot;:&quot;&quot;,&quot;left&quot;:&quot;&quot;,&quot;isLinked&quot;:true}}\" data-elementor-post-type=\"page\">\n\t\t\t\t\t\t<section class=\"elementor-section elementor-top-section elementor-element elementor-element-1d4f723 elementor-section-boxed elementor-section-height-default elementor-section-height-default\" data-id=\"1d4f723\" data-element_type=\"section\">\n\t\t\t\t\t\t<div class=\"elementor-container elementor-column-gap-default\">\n\t\t\t\t\t<div class=\"elementor-column elementor-col-100 elementor-top-column elementor-element elementor-element-3316e133\" data-id=\"3316e133\" data-element_type=\"column\">\n\t\t\t<div class=\"elementor-widget-wrap elementor-element-populated\">\n\t\t\t\t\t\t<div class=\"elementor-element elementor-element-197a455e elementor-invisible elementor-widget elementor-widget-heading\" data-id=\"197a455e\" data-element_type=\"widget\" data-settings=\"{&quot;_animation&quot;:&quot;fadeInUp&quot;}\" data-widget_type=\"heading.default\">\n\t\t\t\t<div class=\"elementor-widget-container\">\n\t\t\t\t\t<h2 class=\"elementor-heading-title elementor-size-default\">Notizie<\/h2>\t\t\t\t<\/div>\n\t\t\t\t<\/div>\n\t\t\t\t<div class=\"elementor-element elementor-element-fc36c6e elementor-widget-divider--view-line elementor-widget elementor-widget-divider\" data-id=\"fc36c6e\" data-element_type=\"widget\" data-widget_type=\"divider.default\">\n\t\t\t\t<div class=\"elementor-widget-container\">\n\t\t\t\t\t\t\t<div class=\"elementor-divider\">\n\t\t\t<span class=\"elementor-divider-separator\">\n\t\t\t\t\t\t<\/span>\n\t\t<\/div>\n\t\t\t\t\t\t<\/div>\n\t\t\t\t<\/div>\n\t\t\t\t\t<\/div>\n\t\t<\/div>\n\t\t\t\t\t<\/div>\n\t\t<\/section>\n\t\t\t\t<section class=\"elementor-section elementor-top-section elementor-element elementor-element-5162abc9 elementor-section-full_width elementor-section-height-default elementor-section-height-default\" data-id=\"5162abc9\" data-element_type=\"section\">\n\t\t\t\t\t\t<div class=\"elementor-container elementor-column-gap-default\">\n\t\t\t\t\t<div class=\"elementor-column elementor-col-100 elementor-top-column elementor-element elementor-element-48b29389\" data-id=\"48b29389\" data-element_type=\"column\" data-settings=\"{&quot;background_background&quot;:&quot;classic&quot;}\">\n\t\t\t<div class=\"elementor-widget-wrap elementor-element-populated\">\n\t\t\t\t\t<div class=\"elementor-background-overlay\"><\/div>\n\t\t\t\t\t\t<div class=\"elementor-element elementor-element-3f7e3388 elementor-invisible elementor-widget elementor-widget-heading\" data-id=\"3f7e3388\" data-element_type=\"widget\" data-settings=\"{&quot;_animation&quot;:&quot;fadeInDown&quot;,&quot;_animation_delay&quot;:&quot;400&quot;}\" data-widget_type=\"heading.default\">\n\t\t\t\t<div class=\"elementor-widget-container\">\n\t\t\t\t\t<h3 class=\"elementor-heading-title elementor-size-default\"><p>Iscriviti alla nostra newsletter e rimani aggiornato su ci\u00f2 che accade nella comunit\u00e0 imprenditoriale italo-brasiliana.<span style=\"letter-spacing: -1.026px;\"><\/span><\/p><\/h3>\t\t\t\t<\/div>\n\t\t\t\t<\/div>\n\t\t\t\t<div class=\"elementor-element elementor-element-c647ea0 elementor-widget__width-initial elementor-widget-mobile__width-initial ui-e-submit-align-stretch elementor-widget elementor-widget-uicore-newsletter\" data-id=\"c647ea0\" data-element_type=\"widget\" data-widget_type=\"uicore-newsletter.default\">\n\t\t\t\t<div class=\"elementor-widget-container\">\n\t\t\t\t\t\n\t\t<form class=\"ui-e-form\" method=\"post\" name=\"Newsletter\">\n\n            <input type=\"hidden\" name=\"widget_id\" value=\"c647ea0\"\/>\n            <input type=\"hidden\" name=\"widget_type\" value=\"newsletter\">\n\n\t\t\t<div class=\"ui-e-fields-wrp\">\n\n                                    <div class=\"ui-e-field-type-text ui-e-field-group elementor-column elementor-col-40\">\n                                                <input type=\"text\" size=\"1\" name=\"form_fields[name]\" id=\"form-fields-name\" class=\"ui-e-field \" placeholder=\"Il tuo nome\">\n                    <\/div>\n                \n                <div class=\"ui-e-field-type-text ui-e-field-group elementor-column elementor-col-40\">\n                                        <input type=\"text\" size=\"1\" name=\"form_fields[email]\" id=\"form-fields-email\" class=\"ui-e-field \" placeholder=\"Il tuo indirizzo e-mail\">\n                <\/div>\n\n                                    <div class=\"ui-e-field-type-address ui-e-field-group elementor-column ui-e-field-type-address ui-e-field-group elementor-column\">\n                        <label for=\"form-field-address\" class=\"ui-e-label\">\n                            Address                        <\/label>\n                        <input class=\"ui-e-field ui-e-h-p\" name=\"ui-e-h-p\" id=\"ui-e-h-p\" tabindex=\"-1\" autocomplete=\"off\">\n                    <\/div>\n                \n\t\t\t\t<div class=\"ui-e-field-group elementor-column ui-e-field-type-submit elementor-col-20 e-form__buttons\">\n\t\t\t\t\t<button type=\"submit\" class=\"elementor-button\">\n\t\t\t\t\t\t<span >\n\t\t\t\t\t\t\t\t\t\t\t\t\t\t\t<span class=\"\">\n\t\t\t\t\t\t\t\t\t\t\t\t\t\t\t\t\t\t\t\t\t\t\t\t\t\t<\/span>\n\t\t\t\t\t\t\t\t\t\t\t\t\t\t\t\t\t\t\t\t\t\t<span class=\"ui-e-text\">Iscriviti alla newsletter<\/span>\n\t\t\t\t\t\t\t\t\t\t\t\t\t<\/span>\n\t\t\t\t\t<\/button>\n\t\t\t\t<\/div>\n\n                                    <div class=\"ui-e-field-type-recaptcha ui-e-field-group elementor-column elementor-col-100 ui-e-field-type-recaptcha ui-e-field-group elementor-column elementor-col-100\">\n                        <input type=\"hidden\" name=\"recaptcha\">\n                                                    <div id=\"ui-e-recaptcha-c647ea0\"><\/div>\n                                            <\/div>\n                \n\t\t\t<\/div>\n\n            <div class=\"ui-e-message \">\n                           <\/div>\n\t\t<\/form>\n\t\t\t\t\t\t<\/div>\n\t\t\t\t<\/div>\n\t\t\t\t\t<\/div>\n\t\t<\/div>\n\t\t\t\t\t<\/div>\n\t\t<\/section>\n\t\t\t\t<\/div>\n\t\t","protected":false},"excerpt":{"rendered":"<p>Notizie Iscriviti alla nostra newsletter e rimani aggiornato su ci\u00f2 che accade nella comunit\u00e0 imprenditoriale italo-brasiliana. Endere\u00e7o Iscriviti alla newsletter<\/p>\n","protected":false},"author":1,"featured_media":0,"parent":0,"menu_order":0,"comment_status":"closed","ping_status":"closed","template":"","meta":{"footnotes":""},"class_list":["post-21704","page","type-page","status-publish","hentry"],"_links":{"self":[{"href":"https:\/\/italcam.com.br\/it\/wp-json\/wp\/v2\/pages\/21704","targetHints":{"allow":["GET"]}}],"collection":[{"href":"https:\/\/italcam.com.br\/it\/wp-json\/wp\/v2\/pages"}],"about":[{"href":"https:\/\/italcam.com.br\/it\/wp-json\/wp\/v2\/types\/page"}],"author":[{"embeddable":true,"href":"https:\/\/italcam.com.br\/it\/wp-json\/wp\/v2\/users\/1"}],"replies":[{"embeddable":true,"href":"https:\/\/italcam.com.br\/it\/wp-json\/wp\/v2\/comments?post=21704"}],"version-history":[{"count":4,"href":"https:\/\/italcam.com.br\/it\/wp-json\/wp\/v2\/pages\/21704\/revisions"}],"predecessor-version":[{"id":32315,"href":"https:\/\/italcam.com.br\/it\/wp-json\/wp\/v2\/pages\/21704\/revisions\/32315"}],"wp:attachment":[{"href":"https:\/\/italcam.com.br\/it\/wp-json\/wp\/v2\/media?parent=21704"}],"curies":[{"name":"wp","href":"https:\/\/api.w.org\/{rel}","templated":true}]}}